{"id":237,"date":"2018-06-12T10:32:13","date_gmt":"2018-06-12T08:32:13","guid":{"rendered":"http:\/\/www.tb-kohler.at\/dieter\/?page_id=237"},"modified":"2018-06-25T13:22:41","modified_gmt":"2018-06-25T11:22:41","slug":"impressum","status":"publish","type":"page","link":"https:\/\/www.tb-kohler.at\/dieter\/impressum\/","title":{"rendered":"Impressum"},"content":{"rendered":"<div class='flex_column av-2elqlx-71330135053ea0cd2c2dc3b61ab07885 av_one_half  avia-builder-el-0  el_before_av_one_full  avia-builder-el-first  first flex_column_div '   ><section class=\"av_textblock_section \"  itemscope=\"itemscope\" itemtype=\"https:\/\/schema.org\/CreativeWork\" ><div class='avia_textblock  '   itemprop=\"text\" ><h4>Medieninhaber und Herausgeber<\/h4>\n<h4>Ing. Dieter Kohler<\/h4>\n<p>Nikolaigasse 22<br \/>\n9500 Villach<br \/>\nTelefon: +43 664\u00a0 315 96 36<br \/>\neMail: <a href=\"mailto:office@tb-kohler.at\">office@tb-kohler.at<\/a><\/p>\n<address><span style=\"color: #999999;\">Steuernummer:<\/span><br \/>\n<span style=\"color: #999999;\">USt-ID: <em>ATU 61153968<\/em><\/span><br \/>\n<span style=\"color: #999999;\">Firmenbuch: <em>FN253160w<\/em><\/span><br \/>\n<span style=\"color: #999999;\">Zust\u00e4nd. Aufsichtsbeh\u00f6rde:<\/span><br \/>\n<span style=\"color: #999999;\">Firmenbuchgericht Klagenfurt<\/span><\/address>\n<\/div><\/section><\/div>\n<div class='flex_column av-1rjcbh-69ccbed7651793dd76ac30a408d31afe av_one_full  avia-builder-el-2  el_after_av_one_half  el_before_av_one_full  first flex_column_div column-top-margin'   ><section class=\"av_textblock_section \"  itemscope=\"itemscope\" itemtype=\"https:\/\/schema.org\/CreativeWork\" ><div class='avia_textblock  '   itemprop=\"text\" ><div class=\"flex_column av_one_full first avia-builder-el-4 el_after_av_one_half el_before_av_one_half column-top-margin\">\n<section class=\"av_textblock_section\">\n<div class=\"avia_textblock \">\n<div id=\"stcpDiv\">\n<h4>COPYRIGHT<\/h4>\n<p style=\"text-align: justify;\">Der Inhalt dieser Seiten ist grunds\u00e4tzlich urheberrechtlich gesch\u00fctzt. Bei \u00fcber den pers\u00f6nlichen Gebrauch hinausgehender Verwendung (Ver\u00f6ffentlichung, Vervielf\u00e4ltigung, Weitergabe an Dritte, Abdruck in Medien) ist die <strong>Ing. Dieter Kohler KG<\/strong> als Urheber zu zitieren.<\/p>\n<p style=\"text-align: justify;\">Alle Informationen erfolgen nach bestem Wissen und Gewissen sowie aktuellem Kenntnisstand. F\u00fcr Fehler kann aber keine Haftung \u00fcbernommen werden. In diesem Zusammenhang wird darauf verwiesen, dass das gesamte Informationsangebot laufend aktualisiert wird.<\/p>\n<\/div>\n<\/div>\n<\/section>\n<\/div>\n<\/div><\/section><\/div>\n<div class='flex_column av-11ulf9-fa7751ca41dc6eaae740a52e46adf328 av_one_full  avia-builder-el-4  el_after_av_one_full  el_before_av_one_full  first flex_column_div column-top-margin'   ><section class=\"av_textblock_section \"  itemscope=\"itemscope\" itemtype=\"https:\/\/schema.org\/CreativeWork\" ><div class='avia_textblock  '   itemprop=\"text\" ><h4><strong>Rechtswirksamkeit dieses Haftungsausschlusses<\/strong><\/h4>\n<p style=\"text-align: justify;\">Dieser Haftungsausschluss ist als Teil des Internetangebotes zu betrachten, von dem aus auf diese Seite verwiesen wurde. Sofern Teile oder einzelne Formulierungen dieses Textes der geltenden Rechtslage nicht, nicht mehr oder nicht vollst\u00e4ndig entsprechen sollten, bleiben die \u00fcbrigen Teile des Dokumentes in ihrem Inhalt und ihrer G\u00fcltigkeit davon unber\u00fchrt.<\/p>\n<\/div><\/section><\/div>\n<div class='flex_column av-r67gl-667e7e6d753ffa3d55dbf89858cfc27c av_one_full  avia-builder-el-6  el_after_av_one_full  avia-builder-el-last  first flex_column_div column-top-margin'   ><section class=\"av_textblock_section \"  itemscope=\"itemscope\" itemtype=\"https:\/\/schema.org\/CreativeWork\" ><div class='avia_textblock  '   itemprop=\"text\" ><h4><strong>Verweise und Links<\/strong><\/h4>\n<p style=\"text-align: justify;\">Bei direkten oder indirekten Verweisen auf fremde Webseiten (\u201cHyperlinks\u201d), die au\u00dferhalb des Verantwortungsbereiches des Autors liegen, w\u00fcrde eine Haftungsverpflichtung ausschlie\u00dflich in dem Fall in Kraft treten, in dem der Autor von den Inhalten Kenntnis hat und es ihm technisch m\u00f6glich und zumutbar w\u00e4re, die Nutzung im Falle rechtswidriger Inhalte zu verhindern.<\/p>\n<p style=\"text-align: justify;\">Der Autor erkl\u00e4rt hiermit ausdr\u00fccklich, dass zum Zeitpunkt der Linksetzung keine illegalen Inhalte auf den zu verlinkenden Seiten erkennbar waren. Auf die aktuelle und zuk\u00fcnftige Gestaltung, die Inhalte oder die Urheberschaft der verlinkten\/verkn\u00fcpften Seiten hat der Autor keinerlei Einfluss. Deshalb distanziert er sich hiermit ausdr\u00fccklich von allen Inhalten aller verlinkten\/verkn\u00fcpften Seiten, die nach der Linksetzung ver\u00e4ndert wurden. Diese Feststellung gilt f\u00fcr alle innerhalb des eigenen Internetangebotes gesetzten Links und Verweise sowie f\u00fcr Fremdeintr\u00e4ge in vom Autor eingerichteten G\u00e4steb\u00fcchern, Diskussionsforen, Linkverzeichnissen, Mailinglisten und in allen anderen Formen von Datenbanken, auf deren Inhalt externe Schreibzugriffe m\u00f6glich sind. F\u00fcr illegale, fehlerhafte oder unvollst\u00e4ndige Inhalte und insbesondere f\u00fcr Sch\u00e4den, die aus der Nutzung oder Nichtnutzung solcherart dargebotener Informationen entstehen, haftet allein der Anbieter der Seite, auf welche verwiesen wurde, nicht derjenige, der \u00fcber Links auf die jeweilige Ver\u00f6ffentlichung lediglich verweist.<\/p>\n<\/div><\/section><\/div>\n","protected":false},"excerpt":{"rendered":"","protected":false},"author":1,"featured_media":0,"parent":0,"menu_order":0,"comment_status":"closed","ping_status":"closed","template":"","meta":{"footnotes":""},"_links":{"self":[{"href":"https:\/\/www.tb-kohler.at\/dieter\/wp-json\/wp\/v2\/pages\/237"}],"collection":[{"href":"https:\/\/www.tb-kohler.at\/dieter\/wp-json\/wp\/v2\/pages"}],"about":[{"href":"https:\/\/www.tb-kohler.at\/dieter\/wp-json\/wp\/v2\/types\/page"}],"author":[{"embeddable":true,"href":"https:\/\/www.tb-kohler.at\/dieter\/wp-json\/wp\/v2\/users\/1"}],"replies":[{"embeddable":true,"href":"https:\/\/www.tb-kohler.at\/dieter\/wp-json\/wp\/v2\/comments?post=237"}],"version-history":[{"count":4,"href":"https:\/\/www.tb-kohler.at\/dieter\/wp-json\/wp\/v2\/pages\/237\/revisions"}],"predecessor-version":[{"id":289,"href":"https:\/\/www.tb-kohler.at\/dieter\/wp-json\/wp\/v2\/pages\/237\/revisions\/289"}],"wp:attachment":[{"href":"https:\/\/www.tb-kohler.at\/dieter\/wp-json\/wp\/v2\/media?parent=237"}],"curies":[{"name":"wp","href":"https:\/\/api.w.org\/{rel}","templated":true}]}}